{"id":18,"date":"2024-09-13T09:45:35","date_gmt":"2024-09-13T09:45:35","guid":{"rendered":"https:\/\/arquitecturamcr.com\/?page_id=18"},"modified":"2024-11-05T20:39:45","modified_gmt":"2024-11-05T20:39:45","slug":"sobre-nosotros","status":"publish","type":"page","link":"https:\/\/arquitecturamcr.com\/es\/sobre-nosotros\/","title":{"rendered":"Sobre Nosotros"},"content":{"rendered":"<p>[et_pb_section fb_built=\u00bb1&#8243; module_id=\u00bbSeguirLeyendo\u00bb _builder_version=\u00bb4.27.2&#8243; _module_preset=\u00bbdefault\u00bb background_color=\u00bbRGBA(255,255,255,0)\u00bb custom_padding=\u00bb55px|||||\u00bb global_colors_info=\u00bb{}\u00bb][et_pb_row column_structure=\u00bb3_4,1_4&#8243; custom_padding_last_edited=\u00bbon|phone\u00bb disabled_on=\u00bbon|on|off\u00bb _builder_version=\u00bb4.27.2&#8243; _module_preset=\u00bbdefault\u00bb width=\u00bb90%\u00bb max_width=\u00bb100%\u00bb custom_margin=\u00bb0px||0px||false|false\u00bb custom_padding=\u00bb0px||0px||false|false\u00bb custom_padding_tablet=\u00bb69px||57px||false|false\u00bb custom_padding_phone=\u00bb49px||37px||false|false\u00bb custom_css_main_element=\u00bbdisplay: flex;||align-items: center;\u00bb border_color_top=\u00bb#eaeaea\u00bb locked=\u00bboff\u00bb global_colors_info=\u00bb{}\u00bb custom_css_main_element_last_edited=\u00bbon|tablet\u00bb custom_css_main_element_tablet=\u00bbtext-align:center;\u00bb custom_css_main_element_phone=\u00bbtext-align:left;\u00bb][et_pb_column type=\u00bb3_4&#8243; _builder_version=\u00bb4.19.4&#8243; _module_preset=\u00bbdefault\u00bb global_colors_info=\u00bb{}\u00bb][et_pb_text _builder_version=\u00bb4.27.2&#8243; _module_preset=\u00bbdefault\u00bb header_2_font=\u00bbRoboto Flex||||||||\u00bb header_2_text_align=\u00bbleft\u00bb header_2_text_color=\u00bb#FFFFFF\u00bb header_2_font_size=\u00bb41px\u00bb custom_margin=\u00bb0px||0px||false|false\u00bb custom_padding=\u00bb0px||0px||false|false\u00bb header_2_font_size_tablet=\u00bb41px\u00bb header_2_font_size_phone=\u00bb29px\u00bb header_2_font_size_last_edited=\u00bbon|phone\u00bb custom_css_main_element=\u00bbdisplay:inline-block;\u00bb global_colors_info=\u00bb{}\u00bb]<\/p>\n<h2>Sobre Nosotros<\/h2>\n<p>[\/et_pb_text][\/et_pb_column][et_pb_column type=\u00bb1_4&#8243; _builder_version=\u00bb4.19.4&#8243; _module_preset=\u00bbdefault\u00bb global_colors_info=\u00bb{}\u00bb][\/et_pb_column][\/et_pb_row][et_pb_row column_structure=\u00bb2_3,1_3&#8243; _builder_version=\u00bb4.27.2&#8243; _module_preset=\u00bbdefault\u00bb width=\u00bb90%\u00bb max_width=\u00bb1920px\u00bb custom_margin=\u00bb0px||0px||false|false\u00bb custom_padding=\u00bb0px||0px||false|false\u00bb global_colors_info=\u00bb{}\u00bb custom_css_main_element_last_edited=\u00bbon|phone\u00bb custom_css_main_element_tablet=\u00bbdisplay: inherit;||align-items: inherit;\u00bb custom_css_main_element_phone=\u00bbdisplay: inherit;||align-items: inherit;\u00bb][et_pb_column type=\u00bb2_3&#8243; _builder_version=\u00bb4.27.0&#8243; _module_preset=\u00bbdefault\u00bb global_colors_info=\u00bb{}\u00bb][et_pb_text _builder_version=\u00bb4.27.0&#8243; _module_preset=\u00bbdefault\u00bb header_2_font=\u00bbRoboto Flex||||||||\u00bb header_2_text_align=\u00bbleft\u00bb header_2_text_color=\u00bb#151515&#8243; header_2_font_size=\u00bb32px\u00bb custom_margin=\u00bb0px||0px||false|false\u00bb custom_padding=\u00bb0px||0px||false|false\u00bb header_2_font_size_tablet=\u00bb28px\u00bb header_2_font_size_phone=\u00bb24px\u00bb header_2_font_size_last_edited=\u00bbon|phone\u00bb custom_css_main_element=\u00bbdisplay:inline-block;\u00bb locked=\u00bboff\u00bb global_colors_info=\u00bb{}\u00bb]<\/p>\n<h2>Maria Camprodon Rosanas<\/h2>\n<p>[\/et_pb_text][et_pb_image src=\u00bbhttps:\/\/arquitecturamcr.com\/wp-content\/uploads\/2024\/09\/architect-33-tg24.png\u00bb _builder_version=\u00bb4.27.2&#8243; _module_preset=\u00bbdefault\u00bb custom_margin=\u00bb0px||0px|12px|false|false\u00bb custom_padding=\u00bb0px||0px||false|false\u00bb custom_css_main_element=\u00bbdisplay:inline-block;||vertical-align:2px;\u00bb locked=\u00bboff\u00bb global_colors_info=\u00bb{}\u00bb custom_css_main_element_last_edited=\u00bbon|phone\u00bb custom_css_main_element_phone=\u00bbdisplay:inline-block;||vertical-align:-2px;\u00bb custom_css_main_element_tablet=\u00bbdisplay:inline-block;||vertical-align:2px;\u00bb][\/et_pb_image][et_pb_text _builder_version=\u00bb4.27.2&#8243; _module_preset=\u00bbdefault\u00bb text_font=\u00bbManrope||||||||\u00bb text_text_color=\u00bb#666666&#8243; text_line_height=\u00bb1.8em\u00bb header_2_font=\u00bbManrope||||||||\u00bb header_2_text_color=\u00bb#707376&#8243; header_2_line_height=\u00bb1.2em\u00bb header_3_font=\u00bbManrope||||||||\u00bb header_3_text_color=\u00bb#707376&#8243; header_3_font_size=\u00bb24px\u00bb header_3_line_height=\u00bb1.2em\u00bb custom_margin=\u00bb0px||2%||false|false\u00bb custom_margin_tablet=\u00bb0px||30px||false|false\u00bb custom_margin_phone=\u00bb0px||30px||false|false\u00bb custom_margin_last_edited=\u00bbon|phone\u00bb custom_padding=\u00bb0px||0px||false|false\u00bb header_2_font_size_tablet=\u00bb22px\u00bb header_2_font_size_phone=\u00bb18px\u00bb header_2_font_size_last_edited=\u00bbon|desktop\u00bb header_3_font_size_tablet=\u00bb22px\u00bb header_3_font_size_phone=\u00bb18px\u00bb header_3_font_size_last_edited=\u00bbon|phone\u00bb locked=\u00bboff\u00bb global_colors_info=\u00bb{}\u00bb]<\/p>\n<h3>CEO de MCR arquitectura<\/h3>\n<p>[\/et_pb_text][et_pb_text _builder_version=\u00bb4.27.2&#8243; _module_preset=\u00bbdefault\u00bb text_font=\u00bbManrope||||||||\u00bb text_text_color=\u00bb#666666&#8243; text_font_size=\u00bb16px\u00bb text_line_height=\u00bb1.4em\u00bb text_orientation=\u00bbjustified\u00bb max_width=\u00bb720px\u00bb global_colors_info=\u00bb{}\u00bb]<\/p>\n<p>Arquitecta Superior por la Escuela T\u00e9cnica Superior de Arquitectura de Sant Cugat del Vall\u00e8s. Contin\u00faa su formaci\u00f3n con el Postgrado de Rehabilitaci\u00f3n en la Escola Sert y certificada en Passivhaus Designer.<\/p>\n<p>M\u00e1s de 10 a\u00f1os de experiencia laboral en estudios de arquitectura y urbanismo en Barcelona y Mallorca, as\u00ed como instituciones p\u00fablicas como el \u00c1rea Metropolitana de Barcelona (AMB), desarrollando proyectos de vivienda, rehabilitaci\u00f3n, hoteles, supermercados, plazas y planeamiento.<\/p>\n<p>[\/et_pb_text][\/et_pb_column][et_pb_column type=\u00bb1_3&#8243; _builder_version=\u00bb4.27.0&#8243; _module_preset=\u00bbdefault\u00bb global_colors_info=\u00bb{}\u00bb][et_pb_image src=\u00bbhttps:\/\/arquitecturamcr.com\/wp-content\/uploads\/2024\/10\/Maria_02.jpg\u00bb alt=\u00bbMaria Camprodon\u00bb title_text=\u00bbMaria Camprodon\u00bb url=\u00bb#\u00bb align=\u00bbcenter\u00bb force_fullwidth=\u00bbon\u00bb _builder_version=\u00bb4.27.2&#8243; _module_preset=\u00bbdefault\u00bb height_tablet=\u00bb\u00bb height_phone=\u00bb\u00bb height_last_edited=\u00bbon|tablet\u00bb custom_margin=\u00bb0px||25px||false|false\u00bb custom_padding=\u00bb0px||0px||false|false\u00bb locked=\u00bboff\u00bb global_colors_info=\u00bb{}\u00bb][\/et_pb_image][\/et_pb_column][\/et_pb_row][\/et_pb_section][et_pb_section fb_built=\u00bb1&#8243; module_id=\u00bbEntradas\u00bb _builder_version=\u00bb4.27.2&#8243; _module_preset=\u00bbdefault\u00bb background_color=\u00bbRGBA(255,255,255,0)\u00bb custom_margin=\u00bb0px||0px||false|false\u00bb custom_padding=\u00bb0px||0px||false|false\u00bb locked=\u00bboff\u00bb global_colors_info=\u00bb{}\u00bb][et_pb_row custom_padding_last_edited=\u00bbon|phone\u00bb _builder_version=\u00bb4.27.2&#8243; _module_preset=\u00bbdefault\u00bb width=\u00bb90%\u00bb max_width=\u00bb90%\u00bb custom_margin=\u00bb0px||0px||false|false\u00bb custom_padding=\u00bb2%||0px||false|false\u00bb custom_padding_tablet=\u00bb69px||57px||false|false\u00bb custom_padding_phone=\u00bb49px||37px||false|false\u00bb border_width_top=\u00bb1px\u00bb border_color_top=\u00bb#eaeaea\u00bb locked=\u00bboff\u00bb global_colors_info=\u00bb{}\u00bb custom_css_main_element_last_edited=\u00bbon|tablet\u00bb custom_css_main_element_tablet=\u00bbtext-align:left;\u00bb custom_css_main_element_phone=\u00bbtext-align:left;\u00bb][et_pb_column type=\u00bb4_4&#8243; _builder_version=\u00bb4.19.4&#8243; _module_preset=\u00bbdefault\u00bb global_colors_info=\u00bb{}\u00bb][et_pb_text _builder_version=\u00bb4.27.0&#8243; _module_preset=\u00bbdefault\u00bb header_2_font=\u00bbRoboto Flex||||||||\u00bb header_2_text_align=\u00bbleft\u00bb header_2_text_color=\u00bb#151515&#8243; header_2_font_size=\u00bb32px\u00bb custom_margin=\u00bb0px||0px||false|false\u00bb custom_padding=\u00bb0px||0px||false|false\u00bb header_2_font_size_tablet=\u00bb28px\u00bb header_2_font_size_phone=\u00bb24px\u00bb header_2_font_size_last_edited=\u00bbon|phone\u00bb custom_css_main_element=\u00bbdisplay:inline-block;\u00bb global_colors_info=\u00bb{}\u00bb]<\/p>\n<h2>Lo \u00faltimo de nosotros<\/h2>\n<p>[\/et_pb_text][et_pb_image src=\u00bbhttps:\/\/arquitecturamcr.com\/wp-content\/uploads\/2024\/09\/architect-33-tg24.png\u00bb _builder_version=\u00bb4.19.4&#8243; _module_preset=\u00bbdefault\u00bb custom_margin=\u00bb0px||0px|12px|false|false\u00bb custom_padding=\u00bb0px||0px||false|false\u00bb custom_css_main_element=\u00bbdisplay:inline-block;||vertical-align:2px;\u00bb global_colors_info=\u00bb{}\u00bb custom_css_main_element_last_edited=\u00bbon|phone\u00bb custom_css_main_element_phone=\u00bbdisplay:inline-block;||vertical-align:-2px;\u00bb custom_css_main_element_tablet=\u00bbdisplay:inline-block;||vertical-align:2px;\u00bb][\/et_pb_image][\/et_pb_column][\/et_pb_row][et_pb_row use_custom_gutter=\u00bbon\u00bb gutter_width=\u00bb2&#8243; custom_padding_last_edited=\u00bbon|phone\u00bb _builder_version=\u00bb4.27.2&#8243; _module_preset=\u00bbdefault\u00bb width=\u00bb90%\u00bb max_width=\u00bb90%\u00bb custom_padding_tablet=\u00bb\u00bb custom_padding_phone=\u00bb0px||||false|false\u00bb global_colors_info=\u00bb{}\u00bb][et_pb_column type=\u00bb4_4&#8243; _builder_version=\u00bb4.27.0&#8243; _module_preset=\u00bbdefault\u00bb global_colors_info=\u00bb{}\u00bb][et_pb_blog fullwidth=\u00bboff\u00bb posts_number=\u00bb3&#8243; include_categories=\u00bball\u00bb excerpt_length=\u00bb155&#8243; show_more=\u00bbon\u00bb show_author=\u00bboff\u00bb show_pagination=\u00bboff\u00bb _builder_version=\u00bb4.27.2&#8243; _module_preset=\u00bbdefault\u00bb header_font=\u00bbRoboto Flex|700|||||||\u00bb header_text_color=\u00bb#151515&#8243; header_font_size=\u00bb22px\u00bb body_font=\u00bbManrope||||||||\u00bb body_text_color=\u00bb#707376&#8243; body_font_size=\u00bb16px\u00bb body_line_height=\u00bb1.4em\u00bb meta_font=\u00bbManrope|||on|||||\u00bb meta_text_color=\u00bb#D1AB85&#8243; hover_enabled=\u00bb0&#8243; header_line_height_tablet=\u00bb\u00bb header_line_height_phone=\u00bb1.4em\u00bb header_line_height_last_edited=\u00bbon|phone\u00bb body_font_size_tablet=\u00bb16px\u00bb body_font_size_phone=\u00bb15px\u00bb body_font_size_last_edited=\u00bbon|phone\u00bb body_line_height_tablet=\u00bb1.4em\u00bb body_line_height_phone=\u00bb1.6em\u00bb body_line_height_last_edited=\u00bbon|phone\u00bb border_width_all=\u00bb0px\u00bb box_shadow_style=\u00bbpreset1&#8243; box_shadow_vertical=\u00bb6px\u00bb box_shadow_blur=\u00bb20px\u00bb global_colors_info=\u00bb{}\u00bb sticky_enabled=\u00bb0&#8243;][\/et_pb_blog][\/et_pb_column][\/et_pb_row][et_pb_row custom_padding_last_edited=\u00bboff|desktop\u00bb _builder_version=\u00bb4.27.2&#8243; _module_preset=\u00bbdefault\u00bb width=\u00bb100%\u00bb max_width=\u00bb100%\u00bb custom_margin=\u00bb0px||0px||false|false\u00bb custom_padding=\u00bb2%||2%||true|false\u00bb custom_padding_phone=\u00bb0px||0px||false|false\u00bb custom_css_main_element=\u00bbtext-align:center;\u00bb locked=\u00bboff\u00bb global_colors_info=\u00bb{}\u00bb][et_pb_column type=\u00bb4_4&#8243; _builder_version=\u00bb4.19.4&#8243; _module_preset=\u00bbdefault\u00bb global_colors_info=\u00bb{}\u00bb][et_pb_blurb title=\u00bbVer todas las noticias\u00bb url=\u00bbhttps:\/\/arquitecturamcr.com\/es\/blog\/\u00bb image_icon_background_color=\u00bb#FFFFFF\u00bb image=\u00bbhttps:\/\/arquitecturamcr.com\/wp-content\/uploads\/2024\/09\/architect-49-rug-6a2.png\u00bb icon_placement=\u00bbleft\u00bb image_icon_width=\u00bb60px\u00bb _builder_version=\u00bb4.27.2&#8243; _module_preset=\u00bbdefault\u00bb header_level=\u00bbh5&#8243; header_font=\u00bbRoboto Flex||||on||||\u00bb header_text_align=\u00bbleft\u00bb header_text_color=\u00bb#707376&#8243; header_font_size=\u00bb18px\u00bb header_line_height=\u00bb1.2em\u00bb image_icon_custom_margin=\u00bb0px|6px|0px|0px|false|false\u00bb image_icon_custom_padding=\u00bb19px|19px|19px|19px|false|false\u00bb max_width=\u00bb440px\u00bb module_alignment=\u00bbright\u00bb custom_margin=\u00bb22px||0px||false|false\u00bb custom_padding=\u00bb0px||0px||false|false\u00bb animation=\u00bboff\u00bb link_option_url=\u00bbhttps:\/\/arquitecturamcr.com\/es\/blog\/\u00bb hover_enabled=\u00bb0&#8243; module_alignment_tablet=\u00bbleft\u00bb module_alignment_phone=\u00bbleft\u00bb module_alignment_last_edited=\u00bbon|tablet\u00bb custom_css_main_element=\u00bbdisplay:inline-block;\u00bb custom_css_blurb_title=\u00bbmargin-top:20px;\u00bb custom_css_blurb_content=\u00bbmargin:0px;\u00bb border_radii_image=\u00bbon|50%|50%|50%|50%\u00bb border_width_all_image=\u00bb1px\u00bb border_color_all_image=\u00bb#d1ab85&#8243; global_colors_info=\u00bb{}\u00bb image_icon_background_color__hover_enabled=\u00bbon|hover\u00bb image_icon_background_color__hover=\u00bb#D1AB85&#8243; sticky_enabled=\u00bb0&#8243;][\/et_pb_blurb][\/et_pb_column][\/et_pb_row][\/et_pb_section]<\/p>\n","protected":false},"excerpt":{"rendered":"<p>Sobre NosotrosMaria Camprodon RosanasCEO de MCR arquitecturaArquitecta Superior por la Escuela T\u00e9cnica Superior de Arquitectura de Sant Cugat del Vall\u00e8s. Contin\u00faa su formaci\u00f3n con el Postgrado de Rehabilitaci\u00f3n en la Escola Sert y certificada en Passivhaus Designer. M\u00e1s de 10 a\u00f1os de experiencia laboral en estudios de arquitectura y urbanismo en Barcelona y Mallorca, as\u00ed [&hellip;]<\/p>\n","protected":false},"author":1,"featured_media":0,"parent":0,"menu_order":0,"comment_status":"closed","ping_status":"closed","template":"","meta":{"_et_pb_use_builder":"on","_et_pb_old_content":"<!-- wp:divi\/placeholder \/-->","_et_gb_content_width":"","footnotes":""},"class_list":["post-18","page","type-page","status-publish","hentry"],"yoast_head":"<!-- This site is optimized with the Yoast SEO plugin v27.3 - https:\/\/yoast.com\/product\/yoast-seo-wordpress\/ -->\n<title>Conoce mas sobre nosotros, arquitectos en Palma de Mallorca<\/title>\n<meta name=\"description\" content=\"Arquitectos en Palma de Mallorca especializados en dise\u00f1o personalizado y sostenible. Realizamos todo tipo de proyectos. Cont\u00e1ctanos.\" \/>\n<meta name=\"robots\" content=\"index, follow, max-snippet:-1, max-image-preview:large, max-video-preview:-1\" \/>\n<link rel=\"canonical\" href=\"https:\/\/arquitecturamcr.com\/es\/sobre-nosotros\/\" \/>\n<meta property=\"og:locale\" content=\"es_ES\" \/>\n<meta property=\"og:type\" content=\"article\" \/>\n<meta property=\"og:title\" content=\"Conoce mas sobre nosotros, arquitectos en Palma de Mallorca\" \/>\n<meta property=\"og:description\" content=\"Arquitectos en Palma de Mallorca especializados en dise\u00f1o personalizado y sostenible. Realizamos todo tipo de proyectos. Cont\u00e1ctanos.\" \/>\n<meta property=\"og:url\" content=\"https:\/\/arquitecturamcr.com\/es\/sobre-nosotros\/\" \/>\n<meta property=\"og:site_name\" content=\"MCR\" \/>\n<meta property=\"article:modified_time\" content=\"2024-11-05T20:39:45+00:00\" \/>\n<meta name=\"twitter:card\" content=\"summary_large_image\" \/>\n<meta name=\"twitter:label1\" content=\"Tiempo de lectura\" \/>\n\t<meta name=\"twitter:data1\" content=\"3 minutos\" \/>\n<script type=\"application\/ld+json\" class=\"yoast-schema-graph\">{\"@context\":\"https:\\\/\\\/schema.org\",\"@graph\":[{\"@type\":\"WebPage\",\"@id\":\"https:\\\/\\\/arquitecturamcr.com\\\/es\\\/sobre-nosotros\\\/\",\"url\":\"https:\\\/\\\/arquitecturamcr.com\\\/es\\\/sobre-nosotros\\\/\",\"name\":\"Conoce mas sobre nosotros, arquitectos en Palma de Mallorca\",\"isPartOf\":{\"@id\":\"https:\\\/\\\/arquitecturamcr.com\\\/es\\\/#website\"},\"datePublished\":\"2024-09-13T09:45:35+00:00\",\"dateModified\":\"2024-11-05T20:39:45+00:00\",\"description\":\"Arquitectos en Palma de Mallorca especializados en dise\u00f1o personalizado y sostenible. Realizamos todo tipo de proyectos. Cont\u00e1ctanos.\",\"breadcrumb\":{\"@id\":\"https:\\\/\\\/arquitecturamcr.com\\\/es\\\/sobre-nosotros\\\/#breadcrumb\"},\"inLanguage\":\"es\",\"potentialAction\":[{\"@type\":\"ReadAction\",\"target\":[\"https:\\\/\\\/arquitecturamcr.com\\\/es\\\/sobre-nosotros\\\/\"]}]},{\"@type\":\"BreadcrumbList\",\"@id\":\"https:\\\/\\\/arquitecturamcr.com\\\/es\\\/sobre-nosotros\\\/#breadcrumb\",\"itemListElement\":[{\"@type\":\"ListItem\",\"position\":1,\"name\":\"Portada\",\"item\":\"https:\\\/\\\/arquitecturamcr.com\\\/es\\\/\"},{\"@type\":\"ListItem\",\"position\":2,\"name\":\"Sobre Nosotros\"}]},{\"@type\":\"WebSite\",\"@id\":\"https:\\\/\\\/arquitecturamcr.com\\\/es\\\/#website\",\"url\":\"https:\\\/\\\/arquitecturamcr.com\\\/es\\\/\",\"name\":\"MCR\",\"description\":\"Arquitectura Maria Camprodon\",\"potentialAction\":[{\"@type\":\"SearchAction\",\"target\":{\"@type\":\"EntryPoint\",\"urlTemplate\":\"https:\\\/\\\/arquitecturamcr.com\\\/es\\\/?s={search_term_string}\"},\"query-input\":{\"@type\":\"PropertyValueSpecification\",\"valueRequired\":true,\"valueName\":\"search_term_string\"}}],\"inLanguage\":\"es\"}]}<\/script>\n<!-- \/ Yoast SEO plugin. -->","yoast_head_json":{"title":"Conoce mas sobre nosotros, arquitectos en Palma de Mallorca","description":"Arquitectos en Palma de Mallorca especializados en dise\u00f1o personalizado y sostenible. Realizamos todo tipo de proyectos. Cont\u00e1ctanos.","robots":{"index":"index","follow":"follow","max-snippet":"max-snippet:-1","max-image-preview":"max-image-preview:large","max-video-preview":"max-video-preview:-1"},"canonical":"https:\/\/arquitecturamcr.com\/es\/sobre-nosotros\/","og_locale":"es_ES","og_type":"article","og_title":"Conoce mas sobre nosotros, arquitectos en Palma de Mallorca","og_description":"Arquitectos en Palma de Mallorca especializados en dise\u00f1o personalizado y sostenible. Realizamos todo tipo de proyectos. Cont\u00e1ctanos.","og_url":"https:\/\/arquitecturamcr.com\/es\/sobre-nosotros\/","og_site_name":"MCR","article_modified_time":"2024-11-05T20:39:45+00:00","twitter_card":"summary_large_image","twitter_misc":{"Tiempo de lectura":"3 minutos"},"schema":{"@context":"https:\/\/schema.org","@graph":[{"@type":"WebPage","@id":"https:\/\/arquitecturamcr.com\/es\/sobre-nosotros\/","url":"https:\/\/arquitecturamcr.com\/es\/sobre-nosotros\/","name":"Conoce mas sobre nosotros, arquitectos en Palma de Mallorca","isPartOf":{"@id":"https:\/\/arquitecturamcr.com\/es\/#website"},"datePublished":"2024-09-13T09:45:35+00:00","dateModified":"2024-11-05T20:39:45+00:00","description":"Arquitectos en Palma de Mallorca especializados en dise\u00f1o personalizado y sostenible. Realizamos todo tipo de proyectos. Cont\u00e1ctanos.","breadcrumb":{"@id":"https:\/\/arquitecturamcr.com\/es\/sobre-nosotros\/#breadcrumb"},"inLanguage":"es","potentialAction":[{"@type":"ReadAction","target":["https:\/\/arquitecturamcr.com\/es\/sobre-nosotros\/"]}]},{"@type":"BreadcrumbList","@id":"https:\/\/arquitecturamcr.com\/es\/sobre-nosotros\/#breadcrumb","itemListElement":[{"@type":"ListItem","position":1,"name":"Portada","item":"https:\/\/arquitecturamcr.com\/es\/"},{"@type":"ListItem","position":2,"name":"Sobre Nosotros"}]},{"@type":"WebSite","@id":"https:\/\/arquitecturamcr.com\/es\/#website","url":"https:\/\/arquitecturamcr.com\/es\/","name":"MCR","description":"Arquitectura Maria Camprodon","potentialAction":[{"@type":"SearchAction","target":{"@type":"EntryPoint","urlTemplate":"https:\/\/arquitecturamcr.com\/es\/?s={search_term_string}"},"query-input":{"@type":"PropertyValueSpecification","valueRequired":true,"valueName":"search_term_string"}}],"inLanguage":"es"}]}},"_links":{"self":[{"href":"https:\/\/arquitecturamcr.com\/es\/wp-json\/wp\/v2\/pages\/18","targetHints":{"allow":["GET"]}}],"collection":[{"href":"https:\/\/arquitecturamcr.com\/es\/wp-json\/wp\/v2\/pages"}],"about":[{"href":"https:\/\/arquitecturamcr.com\/es\/wp-json\/wp\/v2\/types\/page"}],"author":[{"embeddable":true,"href":"https:\/\/arquitecturamcr.com\/es\/wp-json\/wp\/v2\/users\/1"}],"replies":[{"embeddable":true,"href":"https:\/\/arquitecturamcr.com\/es\/wp-json\/wp\/v2\/comments?post=18"}],"version-history":[{"count":56,"href":"https:\/\/arquitecturamcr.com\/es\/wp-json\/wp\/v2\/pages\/18\/revisions"}],"predecessor-version":[{"id":1571,"href":"https:\/\/arquitecturamcr.com\/es\/wp-json\/wp\/v2\/pages\/18\/revisions\/1571"}],"wp:attachment":[{"href":"https:\/\/arquitecturamcr.com\/es\/wp-json\/wp\/v2\/media?parent=18"}],"curies":[{"name":"wp","href":"https:\/\/api.w.org\/{rel}","templated":true}]}}