{"id":30,"date":"2024-09-13T09:46:48","date_gmt":"2024-09-13T09:46:48","guid":{"rendered":"https:\/\/arquitecturamcr.com\/?page_id=30"},"modified":"2024-10-31T22:07:14","modified_gmt":"2024-10-31T22:07:14","slug":"politica-de-cookies","status":"publish","type":"page","link":"https:\/\/arquitecturamcr.com\/es\/politica-de-cookies\/","title":{"rendered":"Pol\u00edtica de Cookies"},"content":{"rendered":"<p>[et_pb_section fb_built=\u00bb1&#8243; _builder_version=\u00bb4.27.2&#8243; _module_preset=\u00bbdefault\u00bb global_colors_info=\u00bb{}\u00bb][et_pb_row custom_padding_last_edited=\u00bbon|phone\u00bb _builder_version=\u00bb4.27.2&#8243; _module_preset=\u00bbdefault\u00bb width=\u00bb90%\u00bb max_width=\u00bb100%\u00bb custom_margin=\u00bb0px||0px||false|false\u00bb custom_padding=\u00bb0px||2%||false|false\u00bb custom_padding_tablet=\u00bb69px||57px||false|false\u00bb custom_padding_phone=\u00bb49px||37px||false|false\u00bb border_color_top=\u00bb#eaeaea\u00bb locked=\u00bboff\u00bb global_colors_info=\u00bb{}\u00bb custom_css_main_element_last_edited=\u00bbon|tablet\u00bb custom_css_main_element_tablet=\u00bbtext-align:center;\u00bb custom_css_main_element_phone=\u00bbtext-align:left;\u00bb][et_pb_column type=\u00bb4_4&#8243; _builder_version=\u00bb4.19.4&#8243; _module_preset=\u00bbdefault\u00bb global_colors_info=\u00bb{}\u00bb][et_pb_text _builder_version=\u00bb4.27.2&#8243; _module_preset=\u00bbdefault\u00bb text_font=\u00bbManrope||||||||\u00bb text_text_color=\u00bb#666666&#8243; text_font_size=\u00bb18px\u00bb text_line_height=\u00bb1.4em\u00bb header_2_font=\u00bbManrope||||||||\u00bb header_2_text_color=\u00bb#707376&#8243; header_2_line_height=\u00bb1.2em\u00bb header_3_font=\u00bbManrope||||||||\u00bb header_3_font_size=\u00bb18px\u00bb header_3_line_height=\u00bb1.4em\u00bb header_5_font=\u00bbManrope||||||||\u00bb header_5_font_size=\u00bb12px\u00bb max_width=\u00bb920px\u00bb custom_margin=\u00bb0px||0px||false|false\u00bb custom_margin_tablet=\u00bb0px||30px||false|false\u00bb custom_margin_phone=\u00bb0px||30px||false|false\u00bb custom_margin_last_edited=\u00bbon|phone\u00bb custom_padding=\u00bb0px||0px||false|false\u00bb header_2_font_size_tablet=\u00bb22px\u00bb header_2_font_size_phone=\u00bb18px\u00bb header_2_font_size_last_edited=\u00bbon|desktop\u00bb custom_css_main_element=\u00bbdisplay:inline-block;\u00bb global_colors_info=\u00bb{}\u00bb]<\/p>\n<h1><span style=\"font-weight: 400;\">Pol\u00edtica de Cookies<\/span><\/h1>\n<p>[\/et_pb_text][\/et_pb_column][\/et_pb_row][et_pb_row _builder_version=\u00bb4.27.2&#8243; _module_preset=\u00bbdefault\u00bb width=\u00bb90%\u00bb max_width=\u00bb100%\u00bb global_colors_info=\u00bb{}\u00bb][et_pb_column type=\u00bb4_4&#8243; _builder_version=\u00bb4.27.2&#8243; _module_preset=\u00bbdefault\u00bb global_colors_info=\u00bb{}\u00bb][et_pb_text _builder_version=\u00bb4.27.2&#8243; _module_preset=\u00bbdefault\u00bb text_font=\u00bbManrope||||||||\u00bb text_text_color=\u00bb#707376&#8243; text_font_size=\u00bb18px\u00bb header_3_font=\u00bbRoboto Flex||||||||\u00bb global_colors_info=\u00bb{}\u00bb]<\/p>\n<ul>\n<li><span style=\"font-weight: 400;\">Cookies usadas: <\/span><b>Propias y de Terceros<\/b><\/li>\n<li style=\"font-weight: 400;\" aria-level=\"1\"><span style=\"font-weight: 400;\">\u00bfSe usan para obtener estad\u00edsticas? <\/span><b>S\u00ed<\/b><\/li>\n<li style=\"font-weight: 400;\" aria-level=\"1\"><span style=\"font-weight: 400;\">\u00bfSe usan para publicidad? <\/span><b>S\u00ed<\/b><\/li>\n<li style=\"font-weight: 400;\" aria-level=\"1\"><span style=\"font-weight: 400;\">Servicios de terceros que instalan cookies a trav\u00e9s de esta web: <\/span><b>Google Analytics<\/b><\/li>\n<\/ul>\n<h3><b>C\u00f3mo configurar y deshabilitar las cookies<\/b><\/h3>\n<p><span style=\"font-weight: 400;\">Puedes permitir, bloquear o eliminar las cookies instaladas en tu dispositivo desde tu navegador web. Si no permites la instalaci\u00f3n de cookies en tu dispositivo, puede que la experiencia de navegaci\u00f3n empeore. A continuaci\u00f3n puedes encontrar c\u00f3mo configurar las cookies en cada navegador:<\/span><\/p>\n<p><span style=\"font-weight: 400;\">&#8211;<\/span><a href=\"http:\/\/windows.microsoft.com\/es-es\/windows-10\/edge-privacy-faq\"> <span style=\"font-weight: 400;\">Edge<\/span><\/a><\/p>\n<p><span style=\"font-weight: 400;\">&#8211;<\/span><a href=\"https:\/\/support.google.com\/chrome\/answer\/95647?hl=es\"> <span style=\"font-weight: 400;\">Google Chrome<\/span><\/a><\/p>\n<p><span style=\"font-weight: 400;\">&#8211;<\/span><a href=\"https:\/\/support.google.com\/chrome\/answer\/114662?hl=es&amp;visit_id=1-636664625754483085-1648636281&amp;rd=1&amp;co=GENIE.Platform%3DAndroid&amp;oco=1\"><span style=\"font-weight: 400;\"> Google Android<\/span><\/a><\/p>\n<p><span style=\"font-weight: 400;\">&#8211;<\/span><a href=\"https:\/\/support.microsoft.com\/es-es\/help\/17442\/windows-internet-explorer-delete-manage-cookies\"><span style=\"font-weight: 400;\"> Internet Explorer 8<\/span><\/a><\/p>\n<p><span style=\"font-weight: 400;\">&#8211;<\/span><a href=\"https:\/\/support.microsoft.com\/es-es\/help\/278835\/how-to-delete-cookie-files-in-internet-explorer\"><span style=\"font-weight: 400;\"> Internet Explorer 9<\/span><\/a><\/p>\n<p><span style=\"font-weight: 400;\">&#8211;<\/span><a href=\"https:\/\/support.microsoft.com\/es-es\/help\/17442\/windows-internet-explorer-delete-manage-cookies#ie=ie-10\"><span style=\"font-weight: 400;\"> Internet Explorer 11<\/span><\/a><\/p>\n<p><span style=\"font-weight: 400;\">&#8211;<\/span><a href=\"https:\/\/support.mozilla.org\/es\/kb\/habilitar-y-deshabilitar-cookies-que-los-sitios-we\"> <span style=\"font-weight: 400;\">Mozilla Firefox<\/span><\/a><\/p>\n<p><span style=\"font-weight: 400;\">&#8211;<\/span><a href=\"https:\/\/help.opera.com\/en\/latest\/web-preferences\/#cookies\"><span style=\"font-weight: 400;\"> Opera<\/span><\/a><\/p>\n<p><span style=\"font-weight: 400;\">&#8211; <\/span><a href=\"https:\/\/support.apple.com\/es-es\/guide\/safari\/sfri11471\/mac\"><span style=\"font-weight: 400;\">Safari<\/span><\/a><\/p>\n<p><span style=\"font-weight: 400;\">&#8211;<\/span><a href=\"https:\/\/support.apple.com\/es-es\/HT201265\"> <span style=\"font-weight: 400;\">Safari Mobile<\/span><\/a><\/p>\n<p><span style=\"font-weight: 400;\">&#8211; <\/span><a href=\"https:\/\/support.brave.com\/hc\/en-us\/articles\/360050634931-How-Do-I-Manage-Cookies-In-Brave-\"><span style=\"font-weight: 400;\">Brave<\/span><\/a><\/p>\n<p>&nbsp;<\/p>\n<h3><b>1.- Tipos y usos<\/b><\/h3>\n<p><span style=\"font-weight: 400;\">El servicio usa cookies propias y de terceros para mejorar la navegaci\u00f3n, proporcionar el servicio y obtener estad\u00edsticas sobre el uso de la p\u00e1gina web.<\/span><\/p>\n<h3><b>2.- \u00bfQu\u00e9 es una cookie y para qu\u00e9 sirve?<\/b><\/h3>\n<p><span style=\"font-weight: 400;\">Una cookie es un fichero de texto que se env\u00eda al navegador web de tu ordenador, m\u00f3vil o tablet y que sirve para almacenar y recuperar informaci\u00f3n sobre la navegaci\u00f3n realizada. Por ejemplo, recordar tu nombre de usuario y contrase\u00f1a o las preferencias de tu perfil.<\/span><\/p>\n<h3><b>3.- \u00bfQu\u00e9 tipos de cookies hay?<\/b><\/h3>\n<p><span style=\"font-weight: 400;\">Seg\u00fan qui\u00e9n las gestiona:<\/span><\/p>\n<ul>\n<li style=\"font-weight: 400;\" aria-level=\"1\"><span style=\"font-weight: 400;\">Cookies propias<\/span><span style=\"font-weight: 400;\">; se env\u00edan a tu navegador desde nuestros equipos o dominios web.<\/span><\/li>\n<li style=\"font-weight: 400;\" aria-level=\"1\"><span style=\"font-weight: 400;\">Cookies de terceros<\/span><span style=\"font-weight: 400;\">; se env\u00edan a tu navegador desde un equipo o dominio web que no gestionamos nosotros directamente, sino una tercera entidad como por ejemplo Google.<\/span><\/li>\n<\/ul>\n<p><span style=\"font-weight: 400;\">En funci\u00f3n del tiempo que est\u00e1n activas, hay:<\/span><\/p>\n<ul>\n<li style=\"font-weight: 400;\" aria-level=\"1\"><span style=\"font-weight: 400;\">Cookies de sesi\u00f3n;<\/span><span style=\"font-weight: 400;\"> permanecen en el archivo de cookies de tu navegador hasta que abandonas la p\u00e1gina web, de modo que ninguna queda en tu dispositivo.<\/span><\/li>\n<li style=\"font-weight: 400;\" aria-level=\"1\"><span style=\"font-weight: 400;\">Cookies persistentes;<\/span><span style=\"font-weight: 400;\"> permanecen en tu dispositivo y nuestra web las lee cada vez que realizas una nueva visita. Estas cookies dejan de funcionar pasada una fecha concreta.<\/span><\/li>\n<\/ul>\n<p><span style=\"font-weight: 400;\">Finalmente, y seg\u00fan su finalidad, tenemos:<\/span><\/p>\n<ul>\n<li style=\"font-weight: 400;\" aria-level=\"1\"><span style=\"font-weight: 400;\">Cookies t\u00e9cnicas;<\/span><span style=\"font-weight: 400;\"> mejoran la navegaci\u00f3n y el buen funcionamiento de la web.<\/span><\/li>\n<li style=\"font-weight: 400;\" aria-level=\"1\"><span style=\"font-weight: 400;\">Cookies de personalizaci\u00f3n;<\/span><span style=\"font-weight: 400;\"> permiten acceder al servicio con unas caracter\u00edsticas predefinidas en funci\u00f3n de una serie de criterios.<\/span><\/li>\n<li style=\"font-weight: 400;\" aria-level=\"1\"><span style=\"font-weight: 400;\">Cookies de an\u00e1lisis;<\/span><span style=\"font-weight: 400;\"> permiten medir y analizar estad\u00edsticamente el uso que se hace del servicio prestado.<\/span><\/li>\n<\/ul>\n<p><span style=\"font-weight: 400;\">Cookies usadas por <\/span><b>Arquitectura MCR<\/b><span style=\"font-weight: 400;\">:<\/span><\/p>\n<table>\n<tbody>\n<tr>\n<td><b>Nombre<\/b><\/td>\n<td><b>Origen<\/b><\/td>\n<td><b>Finalidad<\/b><\/td>\n<td><b>Tipo<\/b><\/td>\n<td><b>Caducidad<\/b><\/td>\n<\/tr>\n<tr>\n<td><span style=\"font-weight: 400;\">_ga<\/span><\/td>\n<td><span style=\"font-weight: 400;\">arquitecturamcr.com<\/span><\/td>\n<td><span style=\"font-weight: 400;\">Anal\u00edtica\u00a0 (rendimiento)<\/span><\/td>\n<td><span style=\"font-weight: 400;\">Tercero<\/span><\/td>\n<td><span style=\"font-weight: 400;\">1 a\u00f1o\u00a0<\/span><\/td>\n<\/tr>\n<tr>\n<td><span style=\"font-weight: 400;\">_gid<\/span><\/td>\n<td><span style=\"font-weight: 400;\">arquitecturamcr.com<\/span><\/td>\n<td><span style=\"font-weight: 400;\">Anal\u00edtica (rendimiento)<\/span><\/td>\n<td><span style=\"font-weight: 400;\">Tercero<\/span><\/td>\n<td><span style=\"font-weight: 400;\">1 d\u00eda<\/span><\/td>\n<\/tr>\n<tr>\n<td><span style=\"font-weight: 400;\">_ga_PBKEDWBP3X<\/span><\/td>\n<td><span style=\"font-weight: 400;\">arquitecturamcr.com<\/span><\/td>\n<td><span style=\"font-weight: 400;\">Anal\u00edtica\u00a0 (funcionalidad)<\/span><\/td>\n<td><span style=\"font-weight: 400;\">Tercero<\/span><\/td>\n<td><span style=\"font-weight: 400;\">1 a\u00f1o<\/span><\/td>\n<\/tr>\n<tr>\n<td><span style=\"font-weight: 400;\">_gat_gtag_UA_179619961_1<\/span><\/td>\n<td><span style=\"font-weight: 400;\">arquitecturamcr.com<\/span><\/td>\n<td><span style=\"font-weight: 400;\">Anal\u00edtica\u00a0 (funcionalidad)<\/span><\/td>\n<td><span style=\"font-weight: 400;\">Tercero<\/span><\/td>\n<td><span style=\"font-weight: 400;\">1 dia<\/span><\/td>\n<\/tr>\n<tr>\n<td><span style=\"font-weight: 400;\">cookiesAviso<\/span><\/td>\n<td><span style=\"font-weight: 400;\">arquitecturamcr.com<\/span><\/td>\n<td><span style=\"font-weight: 400;\">T\u00e9cnica<\/span><\/td>\n<td><span style=\"font-weight: 400;\">Propia<\/span><\/td>\n<td><span style=\"font-weight: 400;\">1 a\u00f1o<\/span><\/td>\n<\/tr>\n<tr>\n<td><span style=\"font-weight: 400;\">cookiesestadisticas<\/span><\/td>\n<td><span style=\"font-weight: 400;\">arquitecturamcr.com<\/span><\/td>\n<td><span style=\"font-weight: 400;\">Anal\u00edtica<\/span><\/td>\n<td><span style=\"font-weight: 400;\">Propia<\/span><\/td>\n<td><span style=\"font-weight: 400;\">1 a\u00f1o<\/span><\/td>\n<\/tr>\n<\/tbody>\n<\/table>\n<p>&nbsp;<\/p>\n<p><span style=\"font-weight: 400;\">Lista de cookies de tercero:<\/span><\/p>\n<p><a href=\"https:\/\/developers.google.com\/analytics\/devguides\/collection\/analyticsjs\/cookie-usage\"><span style=\"font-weight: 400;\">Google Analytics<\/span><\/a><span style=\"font-weight: 400;\">: Sus cookies (como por ejemplo _ga) permiten contabilizar las veces que un usuario visita una web, c\u00f3mo, cu\u00e1ndo y desde d\u00f3nde lo hace.<\/span><\/p>\n<p><span style=\"font-weight: 400;\">En cualquier caso, puedes inhabilitar las cookies de Google Analytics desde<\/span><a href=\"https:\/\/tools.google.com\/dlpage\/gaoptout\"> <span style=\"font-weight: 400;\">aqu\u00ed.<\/span><\/a><\/p>\n<p>[\/et_pb_text][\/et_pb_column][\/et_pb_row][\/et_pb_section]<\/p>\n","protected":false},"excerpt":{"rendered":"<p>Pol\u00edtica de Cookies Cookies usadas: Propias y de Terceros \u00bfSe usan para obtener estad\u00edsticas? S\u00ed \u00bfSe usan para publicidad? S\u00ed Servicios de terceros que instalan cookies a trav\u00e9s de esta web: Google Analytics C\u00f3mo configurar y deshabilitar las cookies Puedes permitir, bloquear o eliminar las cookies instaladas en tu dispositivo desde tu navegador web. Si [&hellip;]<\/p>\n","protected":false},"author":1,"featured_media":0,"parent":0,"menu_order":0,"comment_status":"closed","ping_status":"closed","template":"","meta":{"_et_pb_use_builder":"on","_et_pb_old_content":"<!-- wp:divi\/placeholder \/-->","_et_gb_content_width":"","footnotes":""},"class_list":["post-30","page","type-page","status-publish","hentry"],"yoast_head":"<!-- This site is optimized with the Yoast SEO plugin v27.3 - https:\/\/yoast.com\/product\/yoast-seo-wordpress\/ -->\n<title>Pol\u00edtica de Cookies - MCR<\/title>\n<meta name=\"robots\" content=\"noindex, nofollow\" \/>\n<meta property=\"og:locale\" content=\"es_ES\" \/>\n<meta property=\"og:type\" content=\"article\" \/>\n<meta property=\"og:title\" content=\"Pol\u00edtica de Cookies - MCR\" \/>\n<meta property=\"og:description\" content=\"Pol\u00edtica de Cookies Cookies usadas: Propias y de Terceros \u00bfSe usan para obtener estad\u00edsticas? S\u00ed \u00bfSe usan para publicidad? S\u00ed Servicios de terceros que instalan cookies a trav\u00e9s de esta web: Google Analytics C\u00f3mo configurar y deshabilitar las cookies Puedes permitir, bloquear o eliminar las cookies instaladas en tu dispositivo desde tu navegador web. Si [&hellip;]\" \/>\n<meta property=\"og:url\" content=\"https:\/\/arquitecturamcr.com\/es\/politica-de-cookies\/\" \/>\n<meta property=\"og:site_name\" content=\"MCR\" \/>\n<meta property=\"article:modified_time\" content=\"2024-10-31T22:07:14+00:00\" \/>\n<meta name=\"twitter:card\" content=\"summary_large_image\" \/>\n<meta name=\"twitter:label1\" content=\"Tiempo de lectura\" \/>\n\t<meta name=\"twitter:data1\" content=\"3 minutos\" \/>\n<script type=\"application\/ld+json\" class=\"yoast-schema-graph\">{\"@context\":\"https:\\\/\\\/schema.org\",\"@graph\":[{\"@type\":\"WebPage\",\"@id\":\"https:\\\/\\\/arquitecturamcr.com\\\/es\\\/politica-de-cookies\\\/\",\"url\":\"https:\\\/\\\/arquitecturamcr.com\\\/es\\\/politica-de-cookies\\\/\",\"name\":\"Pol\u00edtica de Cookies - MCR\",\"isPartOf\":{\"@id\":\"https:\\\/\\\/arquitecturamcr.com\\\/es\\\/#website\"},\"datePublished\":\"2024-09-13T09:46:48+00:00\",\"dateModified\":\"2024-10-31T22:07:14+00:00\",\"breadcrumb\":{\"@id\":\"https:\\\/\\\/arquitecturamcr.com\\\/es\\\/politica-de-cookies\\\/#breadcrumb\"},\"inLanguage\":\"es\",\"potentialAction\":[{\"@type\":\"ReadAction\",\"target\":[\"https:\\\/\\\/arquitecturamcr.com\\\/es\\\/politica-de-cookies\\\/\"]}]},{\"@type\":\"BreadcrumbList\",\"@id\":\"https:\\\/\\\/arquitecturamcr.com\\\/es\\\/politica-de-cookies\\\/#breadcrumb\",\"itemListElement\":[{\"@type\":\"ListItem\",\"position\":1,\"name\":\"Portada\",\"item\":\"https:\\\/\\\/arquitecturamcr.com\\\/es\\\/\"},{\"@type\":\"ListItem\",\"position\":2,\"name\":\"Pol\u00edtica de Cookies\"}]},{\"@type\":\"WebSite\",\"@id\":\"https:\\\/\\\/arquitecturamcr.com\\\/es\\\/#website\",\"url\":\"https:\\\/\\\/arquitecturamcr.com\\\/es\\\/\",\"name\":\"MCR\",\"description\":\"Arquitectura Maria Camprodon\",\"potentialAction\":[{\"@type\":\"SearchAction\",\"target\":{\"@type\":\"EntryPoint\",\"urlTemplate\":\"https:\\\/\\\/arquitecturamcr.com\\\/es\\\/?s={search_term_string}\"},\"query-input\":{\"@type\":\"PropertyValueSpecification\",\"valueRequired\":true,\"valueName\":\"search_term_string\"}}],\"inLanguage\":\"es\"}]}<\/script>\n<!-- \/ Yoast SEO plugin. -->","yoast_head_json":{"title":"Pol\u00edtica de Cookies - MCR","robots":{"index":"noindex","follow":"nofollow"},"og_locale":"es_ES","og_type":"article","og_title":"Pol\u00edtica de Cookies - MCR","og_description":"Pol\u00edtica de Cookies Cookies usadas: Propias y de Terceros \u00bfSe usan para obtener estad\u00edsticas? S\u00ed \u00bfSe usan para publicidad? S\u00ed Servicios de terceros que instalan cookies a trav\u00e9s de esta web: Google Analytics C\u00f3mo configurar y deshabilitar las cookies Puedes permitir, bloquear o eliminar las cookies instaladas en tu dispositivo desde tu navegador web. Si [&hellip;]","og_url":"https:\/\/arquitecturamcr.com\/es\/politica-de-cookies\/","og_site_name":"MCR","article_modified_time":"2024-10-31T22:07:14+00:00","twitter_card":"summary_large_image","twitter_misc":{"Tiempo de lectura":"3 minutos"},"schema":{"@context":"https:\/\/schema.org","@graph":[{"@type":"WebPage","@id":"https:\/\/arquitecturamcr.com\/es\/politica-de-cookies\/","url":"https:\/\/arquitecturamcr.com\/es\/politica-de-cookies\/","name":"Pol\u00edtica de Cookies - MCR","isPartOf":{"@id":"https:\/\/arquitecturamcr.com\/es\/#website"},"datePublished":"2024-09-13T09:46:48+00:00","dateModified":"2024-10-31T22:07:14+00:00","breadcrumb":{"@id":"https:\/\/arquitecturamcr.com\/es\/politica-de-cookies\/#breadcrumb"},"inLanguage":"es","potentialAction":[{"@type":"ReadAction","target":["https:\/\/arquitecturamcr.com\/es\/politica-de-cookies\/"]}]},{"@type":"BreadcrumbList","@id":"https:\/\/arquitecturamcr.com\/es\/politica-de-cookies\/#breadcrumb","itemListElement":[{"@type":"ListItem","position":1,"name":"Portada","item":"https:\/\/arquitecturamcr.com\/es\/"},{"@type":"ListItem","position":2,"name":"Pol\u00edtica de Cookies"}]},{"@type":"WebSite","@id":"https:\/\/arquitecturamcr.com\/es\/#website","url":"https:\/\/arquitecturamcr.com\/es\/","name":"MCR","description":"Arquitectura Maria Camprodon","potentialAction":[{"@type":"SearchAction","target":{"@type":"EntryPoint","urlTemplate":"https:\/\/arquitecturamcr.com\/es\/?s={search_term_string}"},"query-input":{"@type":"PropertyValueSpecification","valueRequired":true,"valueName":"search_term_string"}}],"inLanguage":"es"}]}},"_links":{"self":[{"href":"https:\/\/arquitecturamcr.com\/es\/wp-json\/wp\/v2\/pages\/30","targetHints":{"allow":["GET"]}}],"collection":[{"href":"https:\/\/arquitecturamcr.com\/es\/wp-json\/wp\/v2\/pages"}],"about":[{"href":"https:\/\/arquitecturamcr.com\/es\/wp-json\/wp\/v2\/types\/page"}],"author":[{"embeddable":true,"href":"https:\/\/arquitecturamcr.com\/es\/wp-json\/wp\/v2\/users\/1"}],"replies":[{"embeddable":true,"href":"https:\/\/arquitecturamcr.com\/es\/wp-json\/wp\/v2\/comments?post=30"}],"version-history":[{"count":6,"href":"https:\/\/arquitecturamcr.com\/es\/wp-json\/wp\/v2\/pages\/30\/revisions"}],"predecessor-version":[{"id":1452,"href":"https:\/\/arquitecturamcr.com\/es\/wp-json\/wp\/v2\/pages\/30\/revisions\/1452"}],"wp:attachment":[{"href":"https:\/\/arquitecturamcr.com\/es\/wp-json\/wp\/v2\/media?parent=30"}],"curies":[{"name":"wp","href":"https:\/\/api.w.org\/{rel}","templated":true}]}}