{"id":767,"date":"2024-10-25T07:11:25","date_gmt":"2024-10-25T07:11:25","guid":{"rendered":"https:\/\/arquitecturamcr.com\/?page_id=767"},"modified":"2024-11-11T15:14:03","modified_gmt":"2024-11-11T15:14:03","slug":"rehabilitacion-vivienda-unifamiliar-entre-medianeras-a-barcelona","status":"publish","type":"page","link":"https:\/\/arquitecturamcr.com\/es\/proyectos\/rehabilitacion-vivienda-unifamiliar-entre-medianeras-a-barcelona\/","title":{"rendered":"Rehabilitaci\u00f3n vivienda unifamiliar entre medianeras a\u00a0Barcelona"},"content":{"rendered":"<p>[et_pb_section fb_built=\u00bb1&#8243; _builder_version=\u00bb4.27.2&#8243; _module_preset=\u00bbdefault\u00bb background_color=\u00bbRGBA(255,255,255,0)\u00bb custom_margin=\u00bb0px||0px||false|false\u00bb locked=\u00bboff\u00bb global_colors_info=\u00bb{}\u00bb][et_pb_row custom_padding_last_edited=\u00bbon|phone\u00bb _builder_version=\u00bb4.27.2&#8243; _module_preset=\u00bbdefault\u00bb width=\u00bb90%\u00bb max_width=\u00bb100%\u00bb custom_margin=\u00bb0px||0px||false|false\u00bb custom_padding=\u00bb0px||2%||false|false\u00bb custom_padding_tablet=\u00bb69px||57px||false|false\u00bb custom_padding_phone=\u00bb49px||37px||false|false\u00bb border_color_top=\u00bb#eaeaea\u00bb locked=\u00bboff\u00bb global_colors_info=\u00bb{}\u00bb custom_css_main_element_last_edited=\u00bbon|tablet\u00bb custom_css_main_element_tablet=\u00bbtext-align:center;\u00bb custom_css_main_element_phone=\u00bbtext-align:left;\u00bb column_structure=\u00bb3_5,2_5&#8243;][et_pb_column type=\u00bb3_5&#8243; _builder_version=\u00bb4.19.4&#8243; _module_preset=\u00bbdefault\u00bb global_colors_info=\u00bb{}\u00bb][et_pb_text _builder_version=\u00bb4.27.2&#8243; _module_preset=\u00bbdefault\u00bb header_font=\u00bbRoboto Flex||||||||\u00bb header_text_color=\u00bb#000000&#8243; header_font_size=\u00bb32px\u00bb header_line_height=\u00bb1.2em\u00bb header_2_font=\u00bbRoboto Flex||||||||\u00bb header_2_text_align=\u00bbleft\u00bb header_2_text_color=\u00bb#151515&#8243; header_2_font_size=\u00bb32px\u00bb header_2_line_height=\u00bb1.2em\u00bb custom_margin=\u00bb0px||0px||false|false\u00bb custom_padding=\u00bb0px||0px||false|false\u00bb header_font_size_tablet=\u00bb28px\u00bb header_font_size_phone=\u00bb24px\u00bb header_font_size_last_edited=\u00bbon|phone\u00bb header_2_font_size_tablet=\u00bb28px\u00bb header_2_font_size_phone=\u00bb24px\u00bb header_2_font_size_last_edited=\u00bbon|phone\u00bb custom_css_main_element=\u00bbdisplay:inline-block;\u00bb global_colors_info=\u00bb{}\u00bb]<\/p>\n<h1><span>Rehabilitaci\u00f3n vivienda unifamiliar entre medianeras a <\/span>Barcelona, Catalunya 2019.<\/h1>\n<p>[\/et_pb_text][\/et_pb_column][et_pb_column type=\u00bb2_5&#8243; _builder_version=\u00bb4.19.4&#8243; _module_preset=\u00bbdefault\u00bb global_colors_info=\u00bb{}\u00bb][et_pb_blurb title=\u00bbVolver a Proyectos\u00bb url=\u00bbhttps:\/\/arquitecturamcr.com\/es\/proyectos\/\u00bb image_icon_background_color=\u00bb#FFFFFF\u00bb image=\u00bbhttps:\/\/arquitecturamcr.com\/wp-content\/uploads\/2024\/09\/architect-49-rug-6a2.png\u00bb icon_placement=\u00bbleft\u00bb image_icon_width=\u00bb60px\u00bb content_max_width_phone=\u00bb100%\u00bb content_max_width_last_edited=\u00bboff|desktop\u00bb _builder_version=\u00bb4.27.3&#8243; _module_preset=\u00bbdefault\u00bb header_level=\u00bbh5&#8243; header_font=\u00bbRoboto Flex||||on||||\u00bb header_text_align=\u00bbright\u00bb header_text_color=\u00bb#707376&#8243; header_font_size=\u00bb18px\u00bb header_line_height=\u00bb1.2em\u00bb image_icon_custom_margin=\u00bb0px|6px|0px|0px|false|false\u00bb image_icon_custom_padding=\u00bb19px|19px|19px|19px|false|false\u00bb max_width_tablet=\u00bb440px\u00bb max_width_phone=\u00bb100%\u00bb max_width_last_edited=\u00bboff|desktop\u00bb module_alignment=\u00bbright\u00bb custom_margin=\u00bb||0px||false|false\u00bb custom_padding=\u00bb0px||0px|60%|false|false\u00bb custom_padding_tablet=\u00bb|||0%|false|false\u00bb custom_padding_phone=\u00bb0px||0px|0%|false|false\u00bb custom_padding_last_edited=\u00bboff|desktop\u00bb animation=\u00bboff\u00bb link_option_url=\u00bbhttps:\/\/arquitecturamcr.com\/es\/proyectos\/\u00bb hover_enabled=\u00bb0&#8243; module_alignment_tablet=\u00bbleft\u00bb module_alignment_phone=\u00bbleft\u00bb module_alignment_last_edited=\u00bboff|desktop\u00bb custom_css_blurb_title=\u00bbmargin-top:20px;\u00bb border_radii_image=\u00bbon|50%|50%|50%|50%\u00bb border_width_all_image=\u00bb1px\u00bb border_color_all_image=\u00bb#d1ab85&#8243; locked=\u00bboff\u00bb global_colors_info=\u00bb{}\u00bb image_icon_background_color__hover_enabled=\u00bbon|hover\u00bb image_icon_background_color__hover=\u00bb#D1AB85&#8243; sticky_enabled=\u00bb0&#8243; text_orientation=\u00bbright\u00bb body_text_align=\u00bbright\u00bb][\/et_pb_blurb][\/et_pb_column][\/et_pb_row][et_pb_row column_structure=\u00bb1_3,1_3,1_3&#8243; _builder_version=\u00bb4.27.2&#8243; _module_preset=\u00bbdefault\u00bb width=\u00bb90%\u00bb max_width=\u00bb90%\u00bb global_colors_info=\u00bb{}\u00bb][et_pb_column type=\u00bb1_3&#8243; _builder_version=\u00bb4.27.2&#8243; _module_preset=\u00bbdefault\u00bb global_colors_info=\u00bb{}\u00bb][et_pb_text _builder_version=\u00bb4.27.2&#8243; _module_preset=\u00bbdefault\u00bb text_font=\u00bbManrope||||||||\u00bb text_text_color=\u00bb#666666&#8243; text_font_size=\u00bb18px\u00bb text_line_height=\u00bb1.4em\u00bb header_2_font=\u00bbManrope||||||||\u00bb header_2_text_color=\u00bb#707376&#8243; header_2_line_height=\u00bb1.2em\u00bb max_width=\u00bb920px\u00bb custom_margin=\u00bb0px||0px||false|false\u00bb custom_margin_tablet=\u00bb0px||30px||false|false\u00bb custom_margin_phone=\u00bb0px||30px||false|false\u00bb custom_margin_last_edited=\u00bbon|phone\u00bb custom_padding=\u00bb0px||0px||false|false\u00bb header_2_font_size_tablet=\u00bb22px\u00bb header_2_font_size_phone=\u00bb18px\u00bb header_2_font_size_last_edited=\u00bbon|desktop\u00bb global_colors_info=\u00bb{}\u00bb]<\/p>\n<h3 style=\"text-align: left;\"><span style=\"font-weight: 400;\"><strong>AUTORES<\/strong><\/span><\/h3>\n<p style=\"text-align: left;\"><span style=\"font-weight: 400;\">Gavina Corbetta, Maria Camprodon; Arquitectos.<\/span><\/p>\n<h3 style=\"text-align: left;\"><span style=\"font-weight: 400;\"><strong>LOCALIZACI\u00d3N<\/strong><\/span><\/h3>\n<p style=\"text-align: left;\"><span style=\"font-weight: 400;\">Barcelona<\/span><\/p>\n<h3 style=\"text-align: left;\"><span style=\"font-weight: 400;\"><\/span><span style=\"font-weight: 400;\"><strong><\/strong><\/span><span style=\"font-weight: 400;\"><strong>CLIENTE<\/strong><\/span><\/h3>\n<p style=\"text-align: left;\"><span style=\"font-weight: 400;\">Privado<\/span><\/p>\n<h3 style=\"text-align: left;\"><span style=\"font-weight: 400;\"><strong>SUPERF\u00cdCIE CONSTUIDA<\/strong><\/span><\/h3>\n<p style=\"text-align: left;\"><span style=\"font-weight: 400;\">156 <span>m\u00b2<\/span><\/span><\/p>\n<p>&nbsp;<\/p>\n<p>[\/et_pb_text][\/et_pb_column][et_pb_column type=\u00bb1_3&#8243; _builder_version=\u00bb4.27.2&#8243; _module_preset=\u00bbdefault\u00bb global_colors_info=\u00bb{}\u00bb][et_pb_image src=\u00bbhttps:\/\/arquitecturamcr.com\/wp-content\/uploads\/2024\/10\/Rehabilitacion-vivenda-unifamiliar-entre-medianeras-a-Barcelona_1_1.jpg\u00bb alt=\u00bbRehabilitacio\u0301n Barcelona 2019&#8243; title_text=\u00bbRehabilitacio\u0301n Barcelona 2019&#8243; _builder_version=\u00bb4.27.2&#8243; _module_preset=\u00bbdefault\u00bb global_colors_info=\u00bb{}\u00bb][\/et_pb_image][\/et_pb_column][et_pb_column type=\u00bb1_3&#8243; _builder_version=\u00bb4.27.2&#8243; _module_preset=\u00bbdefault\u00bb global_colors_info=\u00bb{}\u00bb][et_pb_image src=\u00bbhttps:\/\/arquitecturamcr.com\/wp-content\/uploads\/2024\/10\/Barcelona_Catalunya_2019_05.jpg\u00bb alt=\u00bbBarcelona Catalunya 2019&#8243; title_text=\u00bbBarcelona Catalunya 2019&#8243; _builder_version=\u00bb4.27.2&#8243; _module_preset=\u00bbdefault\u00bb max_width_tablet=\u00bb70%\u00bb max_width_phone=\u00bb100%\u00bb max_width_last_edited=\u00bbon|phone\u00bb module_alignment=\u00bbcenter\u00bb global_colors_info=\u00bb{}\u00bb][\/et_pb_image][\/et_pb_column][\/et_pb_row][et_pb_row column_structure=\u00bb1_3,1_3,1_3&#8243; _builder_version=\u00bb4.27.2&#8243; _module_preset=\u00bbdefault\u00bb width=\u00bb90%\u00bb max_width=\u00bb90%\u00bb global_colors_info=\u00bb{}\u00bb][et_pb_column type=\u00bb1_3&#8243; _builder_version=\u00bb4.27.2&#8243; _module_preset=\u00bbdefault\u00bb global_colors_info=\u00bb{}\u00bb][et_pb_image src=\u00bbhttps:\/\/arquitecturamcr.com\/wp-content\/uploads\/2024\/10\/Barcelona_Catalunya_2019_04.jpg\u00bb alt=\u00bbBarcelona Catalunya 2019&#8243; title_text=\u00bbBarcelona Catalunya 2019&#8243; _builder_version=\u00bb4.27.2&#8243; _module_preset=\u00bbdefault\u00bb max_width_tablet=\u00bb70%\u00bb max_width_phone=\u00bb100%\u00bb max_width_last_edited=\u00bbon|phone\u00bb module_alignment=\u00bbcenter\u00bb global_colors_info=\u00bb{}\u00bb][\/et_pb_image][\/et_pb_column][et_pb_column type=\u00bb1_3&#8243; _builder_version=\u00bb4.27.2&#8243; _module_preset=\u00bbdefault\u00bb global_colors_info=\u00bb{}\u00bb][et_pb_image src=\u00bbhttps:\/\/arquitecturamcr.com\/wp-content\/uploads\/2024\/10\/Barcelona_Catalunya_2019_03.jpg\u00bb alt=\u00bbBarcelona Catalunya 2019&#8243; title_text=\u00bbBarcelona Catalunya 2019&#8243; align=\u00bbcenter\u00bb _builder_version=\u00bb4.27.2&#8243; _module_preset=\u00bbdefault\u00bb custom_margin=\u00bb||||false|false\u00bb global_colors_info=\u00bb{}\u00bb][\/et_pb_image][\/et_pb_column][et_pb_column type=\u00bb1_3&#8243; _builder_version=\u00bb4.27.2&#8243; _module_preset=\u00bbdefault\u00bb global_colors_info=\u00bb{}\u00bb][et_pb_image src=\u00bbhttps:\/\/arquitecturamcr.com\/wp-content\/uploads\/2024\/10\/Barcelona_Catalunya_2019_02.jpg\u00bb alt=\u00bbBarcelona Catalunya 2019&#8243; title_text=\u00bbBarcelona Catalunya 2019&#8243; _builder_version=\u00bb4.27.2&#8243; _module_preset=\u00bbdefault\u00bb global_colors_info=\u00bb{}\u00bb][\/et_pb_image][\/et_pb_column][\/et_pb_row][et_pb_row column_structure=\u00bb1_3,1_3,1_3&#8243; _builder_version=\u00bb4.27.2&#8243; _module_preset=\u00bbdefault\u00bb width=\u00bb90%\u00bb max_width=\u00bb90%\u00bb global_colors_info=\u00bb{}\u00bb][et_pb_column type=\u00bb1_3&#8243; _builder_version=\u00bb4.27.2&#8243; _module_preset=\u00bbdefault\u00bb global_colors_info=\u00bb{}\u00bb][et_pb_image src=\u00bbhttps:\/\/arquitecturamcr.com\/wp-content\/uploads\/2024\/10\/Barcelona_Catalunya_2019_01.jpg\u00bb alt=\u00bbBarcelona Catalunya 2019&#8243; title_text=\u00bbBarcelona Catalunya 2019&#8243; _builder_version=\u00bb4.27.2&#8243; _module_preset=\u00bbdefault\u00bb max_width_tablet=\u00bb70%\u00bb max_width_phone=\u00bb100%\u00bb max_width_last_edited=\u00bbon|phone\u00bb module_alignment=\u00bbcenter\u00bb global_colors_info=\u00bb{}\u00bb][\/et_pb_image][\/et_pb_column][et_pb_column type=\u00bb1_3&#8243; _builder_version=\u00bb4.27.2&#8243; _module_preset=\u00bbdefault\u00bb global_colors_info=\u00bb{}\u00bb][\/et_pb_column][et_pb_column type=\u00bb1_3&#8243; _builder_version=\u00bb4.27.2&#8243; _module_preset=\u00bbdefault\u00bb global_colors_info=\u00bb{}\u00bb][\/et_pb_column][\/et_pb_row][\/et_pb_section]<\/p>\n","protected":false},"excerpt":{"rendered":"<p>Rehabilitaci\u00f3n vivienda unifamiliar entre medianeras a Barcelona, Catalunya 2019.AUTORES Gavina Corbetta, Maria Camprodon; Arquitectos. LOCALIZACI\u00d3N Barcelona CLIENTE Privado SUPERF\u00cdCIE CONSTUIDA 156 m\u00b2 &nbsp;<\/p>\n","protected":false},"author":1,"featured_media":0,"parent":16,"menu_order":0,"comment_status":"closed","ping_status":"closed","template":"","meta":{"_et_pb_use_builder":"on","_et_pb_old_content":"<!-- wp:divi\/placeholder \/-->","_et_gb_content_width":"","footnotes":""},"class_list":["post-767","page","type-page","status-publish","hentry"],"yoast_head":"<!-- This site is optimized with the Yoast SEO plugin v26.7 - https:\/\/yoast.com\/wordpress\/plugins\/seo\/ -->\n<title>Rehabilitaci\u00f3n vivienda Barcelona | Proyectos arquitect\u00f3nicos<\/title>\n<meta name=\"description\" content=\"Rehabilitaci\u00f3n de vivienda unifamiliar entre medianeras en Barcelona | Proyectos destacados Arquitectura MCR.\" \/>\n<meta name=\"robots\" content=\"index, follow, max-snippet:-1, max-image-preview:large, max-video-preview:-1\" \/>\n<link rel=\"canonical\" href=\"https:\/\/arquitecturamcr.com\/es\/proyectos\/rehabilitacion-vivienda-unifamiliar-entre-medianeras-a-barcelona\/\" \/>\n<meta property=\"og:locale\" content=\"es_ES\" \/>\n<meta property=\"og:type\" content=\"article\" \/>\n<meta property=\"og:title\" content=\"Rehabilitaci\u00f3n vivienda Barcelona | Proyectos arquitect\u00f3nicos\" \/>\n<meta property=\"og:description\" content=\"Rehabilitaci\u00f3n de vivienda unifamiliar entre medianeras en Barcelona | Proyectos destacados Arquitectura MCR.\" \/>\n<meta property=\"og:url\" content=\"https:\/\/arquitecturamcr.com\/es\/proyectos\/rehabilitacion-vivienda-unifamiliar-entre-medianeras-a-barcelona\/\" \/>\n<meta property=\"og:site_name\" content=\"MCR\" \/>\n<meta property=\"article:modified_time\" content=\"2024-11-11T15:14:03+00:00\" \/>\n<meta name=\"twitter:card\" content=\"summary_large_image\" \/>\n<meta name=\"twitter:label1\" content=\"Tiempo de lectura\" \/>\n\t<meta name=\"twitter:data1\" content=\"2 minutos\" \/>\n<script type=\"application\/ld+json\" class=\"yoast-schema-graph\">{\"@context\":\"https:\/\/schema.org\",\"@graph\":[{\"@type\":\"WebPage\",\"@id\":\"https:\/\/arquitecturamcr.com\/es\/proyectos\/rehabilitacion-vivienda-unifamiliar-entre-medianeras-a-barcelona\/\",\"url\":\"https:\/\/arquitecturamcr.com\/es\/proyectos\/rehabilitacion-vivienda-unifamiliar-entre-medianeras-a-barcelona\/\",\"name\":\"Rehabilitaci\u00f3n vivienda Barcelona | Proyectos arquitect\u00f3nicos\",\"isPartOf\":{\"@id\":\"https:\/\/arquitecturamcr.com\/es\/#website\"},\"datePublished\":\"2024-10-25T07:11:25+00:00\",\"dateModified\":\"2024-11-11T15:14:03+00:00\",\"description\":\"Rehabilitaci\u00f3n de vivienda unifamiliar entre medianeras en Barcelona | Proyectos destacados Arquitectura MCR.\",\"breadcrumb\":{\"@id\":\"https:\/\/arquitecturamcr.com\/es\/proyectos\/rehabilitacion-vivienda-unifamiliar-entre-medianeras-a-barcelona\/#breadcrumb\"},\"inLanguage\":\"es\",\"potentialAction\":[{\"@type\":\"ReadAction\",\"target\":[\"https:\/\/arquitecturamcr.com\/es\/proyectos\/rehabilitacion-vivienda-unifamiliar-entre-medianeras-a-barcelona\/\"]}]},{\"@type\":\"BreadcrumbList\",\"@id\":\"https:\/\/arquitecturamcr.com\/es\/proyectos\/rehabilitacion-vivienda-unifamiliar-entre-medianeras-a-barcelona\/#breadcrumb\",\"itemListElement\":[{\"@type\":\"ListItem\",\"position\":1,\"name\":\"Portada\",\"item\":\"https:\/\/arquitecturamcr.com\/es\/\"},{\"@type\":\"ListItem\",\"position\":2,\"name\":\"Proyectos\",\"item\":\"https:\/\/arquitecturamcr.com\/es\/proyectos\/\"},{\"@type\":\"ListItem\",\"position\":3,\"name\":\"Rehabilitaci\u00f3n vivienda unifamiliar entre medianeras a\u00a0Barcelona\"}]},{\"@type\":\"WebSite\",\"@id\":\"https:\/\/arquitecturamcr.com\/es\/#website\",\"url\":\"https:\/\/arquitecturamcr.com\/es\/\",\"name\":\"MCR\",\"description\":\"Arquitectura Maria Camprodon\",\"potentialAction\":[{\"@type\":\"SearchAction\",\"target\":{\"@type\":\"EntryPoint\",\"urlTemplate\":\"https:\/\/arquitecturamcr.com\/es\/?s={search_term_string}\"},\"query-input\":{\"@type\":\"PropertyValueSpecification\",\"valueRequired\":true,\"valueName\":\"search_term_string\"}}],\"inLanguage\":\"es\"}]}<\/script>\n<!-- \/ Yoast SEO plugin. -->","yoast_head_json":{"title":"Rehabilitaci\u00f3n vivienda Barcelona | Proyectos arquitect\u00f3nicos","description":"Rehabilitaci\u00f3n de vivienda unifamiliar entre medianeras en Barcelona | Proyectos destacados Arquitectura MCR.","robots":{"index":"index","follow":"follow","max-snippet":"max-snippet:-1","max-image-preview":"max-image-preview:large","max-video-preview":"max-video-preview:-1"},"canonical":"https:\/\/arquitecturamcr.com\/es\/proyectos\/rehabilitacion-vivienda-unifamiliar-entre-medianeras-a-barcelona\/","og_locale":"es_ES","og_type":"article","og_title":"Rehabilitaci\u00f3n vivienda Barcelona | Proyectos arquitect\u00f3nicos","og_description":"Rehabilitaci\u00f3n de vivienda unifamiliar entre medianeras en Barcelona | Proyectos destacados Arquitectura MCR.","og_url":"https:\/\/arquitecturamcr.com\/es\/proyectos\/rehabilitacion-vivienda-unifamiliar-entre-medianeras-a-barcelona\/","og_site_name":"MCR","article_modified_time":"2024-11-11T15:14:03+00:00","twitter_card":"summary_large_image","twitter_misc":{"Tiempo de lectura":"2 minutos"},"schema":{"@context":"https:\/\/schema.org","@graph":[{"@type":"WebPage","@id":"https:\/\/arquitecturamcr.com\/es\/proyectos\/rehabilitacion-vivienda-unifamiliar-entre-medianeras-a-barcelona\/","url":"https:\/\/arquitecturamcr.com\/es\/proyectos\/rehabilitacion-vivienda-unifamiliar-entre-medianeras-a-barcelona\/","name":"Rehabilitaci\u00f3n vivienda Barcelona | Proyectos arquitect\u00f3nicos","isPartOf":{"@id":"https:\/\/arquitecturamcr.com\/es\/#website"},"datePublished":"2024-10-25T07:11:25+00:00","dateModified":"2024-11-11T15:14:03+00:00","description":"Rehabilitaci\u00f3n de vivienda unifamiliar entre medianeras en Barcelona | Proyectos destacados Arquitectura MCR.","breadcrumb":{"@id":"https:\/\/arquitecturamcr.com\/es\/proyectos\/rehabilitacion-vivienda-unifamiliar-entre-medianeras-a-barcelona\/#breadcrumb"},"inLanguage":"es","potentialAction":[{"@type":"ReadAction","target":["https:\/\/arquitecturamcr.com\/es\/proyectos\/rehabilitacion-vivienda-unifamiliar-entre-medianeras-a-barcelona\/"]}]},{"@type":"BreadcrumbList","@id":"https:\/\/arquitecturamcr.com\/es\/proyectos\/rehabilitacion-vivienda-unifamiliar-entre-medianeras-a-barcelona\/#breadcrumb","itemListElement":[{"@type":"ListItem","position":1,"name":"Portada","item":"https:\/\/arquitecturamcr.com\/es\/"},{"@type":"ListItem","position":2,"name":"Proyectos","item":"https:\/\/arquitecturamcr.com\/es\/proyectos\/"},{"@type":"ListItem","position":3,"name":"Rehabilitaci\u00f3n vivienda unifamiliar entre medianeras a\u00a0Barcelona"}]},{"@type":"WebSite","@id":"https:\/\/arquitecturamcr.com\/es\/#website","url":"https:\/\/arquitecturamcr.com\/es\/","name":"MCR","description":"Arquitectura Maria Camprodon","potentialAction":[{"@type":"SearchAction","target":{"@type":"EntryPoint","urlTemplate":"https:\/\/arquitecturamcr.com\/es\/?s={search_term_string}"},"query-input":{"@type":"PropertyValueSpecification","valueRequired":true,"valueName":"search_term_string"}}],"inLanguage":"es"}]}},"_links":{"self":[{"href":"https:\/\/arquitecturamcr.com\/es\/wp-json\/wp\/v2\/pages\/767","targetHints":{"allow":["GET"]}}],"collection":[{"href":"https:\/\/arquitecturamcr.com\/es\/wp-json\/wp\/v2\/pages"}],"about":[{"href":"https:\/\/arquitecturamcr.com\/es\/wp-json\/wp\/v2\/types\/page"}],"author":[{"embeddable":true,"href":"https:\/\/arquitecturamcr.com\/es\/wp-json\/wp\/v2\/users\/1"}],"replies":[{"embeddable":true,"href":"https:\/\/arquitecturamcr.com\/es\/wp-json\/wp\/v2\/comments?post=767"}],"version-history":[{"count":13,"href":"https:\/\/arquitecturamcr.com\/es\/wp-json\/wp\/v2\/pages\/767\/revisions"}],"predecessor-version":[{"id":1796,"href":"https:\/\/arquitecturamcr.com\/es\/wp-json\/wp\/v2\/pages\/767\/revisions\/1796"}],"up":[{"embeddable":true,"href":"https:\/\/arquitecturamcr.com\/es\/wp-json\/wp\/v2\/pages\/16"}],"wp:attachment":[{"href":"https:\/\/arquitecturamcr.com\/es\/wp-json\/wp\/v2\/media?parent=767"}],"curies":[{"name":"wp","href":"https:\/\/api.w.org\/{rel}","templated":true}]}}